{"id":2382,"date":"2020-05-04T14:42:40","date_gmt":"2020-05-04T14:42:40","guid":{"rendered":"https:\/\/cleveland.sahajayoga.org\/?page_id=2382"},"modified":"2022-10-30T16:57:26","modified_gmt":"2022-10-30T16:57:26","slug":"more-meditation","status":"publish","type":"page","link":"https:\/\/cleveland.sahajayoga.org\/es\/more-meditation\/","title":{"rendered":"Medita m\u00e1s"},"content":{"rendered":"<section class=\"wp-block-uagb-columns uagb-columns__wrap uagb-columns__background-image uagb-columns__stack-mobile uagb-columns__valign- uagb-columns__gap-10 align uagb-block-567fc9bc uagb-columns__columns-1 uagb-columns__max_width-theme\"><div class=\"uagb-columns__overlay\"><\/div><div class=\"uagb-columns__inner-wrap uagb-columns__columns-1\">\n<div class=\"wp-block-uagb-column uagb-column__wrap uagb-column__background-undefined uagb-block-069eb884\"><div class=\"uagb-column__overlay\"><\/div>\n<div class=\"wp-block-columns is-layout-flex wp-container-core-columns-is-layout-28f84493 wp-block-columns-is-layout-flex\">\n<div class=\"wp-block-column is-layout-flow wp-block-column-is-layout-flow\" style=\"flex-basis:66.66%\">\n<div class=\"inherit-container-width wp-block-group is-layout-constrained wp-block-group-is-layout-constrained\"><div class=\"wp-block-group__inner-container\">\n<div class=\"wp-block-uagb-info-box uagb-block-a97e9ae5 uagb-infobox__content-wrap  uagb-infobox-icon-above-title uagb-infobox-image-valign-top\"><div class=\"uagb-ifb-content\"><div class=\"uagb-ifb-title-wrap\"><h3 class=\"uagb-ifb-title\">VIDEOS DE MEDITACI\u00d3N GUIADA<\/h3><\/div><div class=\"uagb-ifb-separator\"><\/div><\/div><\/div>\n<\/div><\/div>\n\n\n\n<p><\/p>\n<\/div>\n\n\n\n<div class=\"wp-block-column is-layout-flow wp-block-column-is-layout-flow\" style=\"flex-basis:33.33%\"><\/div>\n<\/div>\n\n\n\n<p><\/p>\n<\/div>\n<\/div><div class=\"uagb-columns__shape uagb-columns__shape-bottom\" data-negative=\"false\"><svg xmlns=\"https:\/\/www.w3.org\/2000\/svg\" viewbox=\"0 0 1000 100\" preserveaspectratio=\"none\"><path class=\"uagb-columns__shape-fill\" opacity=\"0.33\" d=\"M473,67.3c-203.9,88.3-263.1-34-320.3,0C66,119.1,0,59.7,0,59.7V0h1000v59.7 c0,0-62.1,26.1-94.9,29.3c-32.8,3.3-62.8-12.3-75.8-22.1C806,49.6,745.3,8.7,694.9,4.7S492.4,59,473,67.3z\"><\/path><path class=\"uagb-columns__shape-fill\" opacity=\"0.66\" d=\"M734,67.3c-45.5,0-77.2-23.2-129.1-39.1c-28.6-8.7-150.3-10.1-254,39.1 s-91.7-34.4-149.2,0C115.7,118.3,0,39.8,0,39.8V0h1000v36.5c0,0-28.2-18.5-92.1-18.5C810.2,18.1,775.7,67.3,734,67.3z\"><\/path><path class=\"uagb-columns__shape-fill\" d=\"M766.1,28.9c-200-57.5-266,65.5-395.1,19.5C242,1.8,242,5.4,184.8,20.6C128,35.8,132.3,44.9,89.9,52.5C28.6,63.7,0,0,0,0 h1000c0,0-9.9,40.9-83.6,48.1S829.6,47,766.1,28.9z\"><\/path><\/svg><\/div><\/section>\n\n\n\n<section class=\"wp-block-uagb-section uagb-section__wrap uagb-section__background-undefined uagb-block-0750180f\"><div class=\"uagb-section__overlay\"><\/div><div class=\"uagb-section__inner-wrap\">\n<div class=\"wp-block-uagb-advanced-heading uagb-block-e3a7a237\" id=\"feelconfident\"><h3 class=\"uagb-heading-text\"><br>CONF\u00cdA EN TI<\/h3><\/div>\n\n\n\n<figure class=\"wp-block-video\"><video controls poster=\"https:\/\/cleveland.sahajayoga.org\/wp-content\/uploads\/2020\/05\/Kinga_wings_Liverpool_birds_Sahaja_Yoga_meditation_72dpi-scaled.jpg\" src=\"https:\/\/player.vimeo.com\/external\/349135703.hd.mp4?s=c0b2d9e10886cdacf541a8d80ba48f1ac7c387b6&amp;profile_id=175&amp;oauth2_token_id=1254753263\"><\/video><\/figure>\n\n\n\n<p><\/p>\n<\/div><\/section>\n\n\n\n<section class=\"wp-block-uagb-section uagb-section__wrap uagb-section__background-undefined uagb-block-f864ffa9\"><div class=\"uagb-section__overlay\"><\/div><div class=\"uagb-section__inner-wrap\">\n<div class=\"wp-block-uagb-advanced-heading uagb-block-5b70ac2e\"><h3 class=\"uagb-heading-text\">MEJORA TU ENFOQUE<\/h3><div class=\"uagb-separator\"><\/div><\/div>\n\n\n\n<figure class=\"wp-block-video\"><video controls poster=\"https:\/\/cleveland.sahajayoga.org\/wp-content\/uploads\/2020\/05\/1_cIHErwIINhL0eRp1xee4_Q-1-scaled.jpeg\" src=\"https:\/\/player.vimeo.com\/external\/349131671.hd.mp4?s=a7dbf8b34e4fe319639782cafd632691b2ea25ca&amp;profile_id=175&amp;oauth2_token_id=1254753263 \"><\/video><\/figure>\n\n\n\n<p><\/p>\n<\/div><\/section>\n\n\n\n<section class=\"wp-block-uagb-section uagb-section__wrap uagb-section__background-undefined uagb-block-45278383\"><div class=\"uagb-section__overlay\"><\/div><div class=\"uagb-section__inner-wrap\">\n<p class=\"has-text-align-center\" style=\"font-size:26px\">\u00a1M\u00e1s videos, muy pronto!<\/p>\n<\/div><\/section>\n\n\n\n<section class=\"wp-block-uagb-section uagb-section__wrap uagb-section__background-undefined uagb-block-0f7e8ad8\"><div class=\"uagb-section__overlay\"><\/div><div class=\"uagb-section__inner-wrap\">\n<h3 class=\"has-text-color wp-block-heading\" style=\"color:#6c6b6b\">\u00bfLO HAS DISFRUTADO?<\/h3>\n\n\n\n<p class=\"has-text-color\" style=\"color:#6c6b6b\">Estas meditaciones usan determinadas t\u00e9cnicas para trabajar en el sistema sutil y despiertan las cualidades de confianza y enfoque en nosotros. Una vez que comprendas estas t\u00e9cnicas, sabr\u00e1s como hacer que la meditaci\u00f3n de Sahaja Yoga te beneficie de forma espec\u00edfica.&nbsp;<br>&nbsp;<br>La mejor manera para continuar practicando es asistir a las clases que ofrecemos libre de costo. Todas las clases son ense\u00f1adas por instructores que han experimentado los beneficios y cambios positivos que Sahaja Yoga puede brindar.&nbsp;<br>&nbsp;<br>Si no es posible encontrar una clase cercana, puedes conectarte con nuestra comunidad a trav\u00e9s de la red, donde conducimos clases de meditaci\u00f3n en vivo y puedes obtener informaci\u00f3n sobre t\u00e9cnicas que te ayudar\u00e1n a limpiar tus chakras.<\/p>\n<\/div><\/section>\n\n\n\n<section class=\"wp-block-uagb-columns uagb-columns__wrap uagb-columns__stack-mobile uagb-columns__valign- uagb-columns__gap-10 align uagb-block-35cc5aba uagb-columns__columns-1 uagb-columns__max_width-custom\"><div class=\"uagb-columns__overlay\"><\/div><div class=\"uagb-columns__inner-wrap uagb-columns__columns-1\">\n<div class=\"wp-block-uagb-column uagb-column__wrap uagb-column__background-undefined uagb-block-dab32d60\"><div class=\"uagb-column__overlay\"><\/div>\n<div class=\"wp-block-uagb-advanced-heading uagb-block-a5d4afed\"><h3 class=\"uagb-heading-text\">ENCUENTRA UNA CLASE<\/h3><\/div>\n\n\n\n<div class=\"wp-block-uagb-info-box uagb-block-b54425ce uagb-infobox__content-wrap  uagb-infobox-icon-above-title uagb-infobox-image-valign-top\"><div class=\"uagb-ifb-content\"><div class=\"uagb-ifb-image-content\"><img decoding=\"async\" src=\"https:\/\/cleveland.sahajayoga.org\/wp-content\/uploads\/2020\/06\/Communiti-center-300x170.jpg\" alt=\"\"\/><\/div><div class=\"uagb-ifb-title-wrap\"><\/div><div class=\"uagb-ifb-separator\"><\/div><p class=\"uagb-ifb-desc\">Debido al COVID-19, todas las clases ahora son en l\u00ednea, por Zoom. Nuestros instructores est\u00e1n preparados para darte atenci\u00f3n especializada.<\/p><div class=\"uagb-ifb-button-wrapper wp-block-button\"><a href=\"https:\/\/cleveland.sahajayoga.org\/es\/classes-near-me\/\" class=\"uagb-infobox-cta-link wp-block-button__link\" target=\"_self\" rel=\"noopener noreferrer\" alt=\"\"><span class=\"uagb-inline-editing\">Encuentra una Clase<\/span><\/a><\/div><\/div><\/div>\n\n\n\n<p><\/p>\n<\/div>\n<\/div><\/section>\n\n\n\n<section class=\"wp-block-uagb-columns uagb-columns__wrap uagb-columns__background-color uagb-columns__stack-mobile uagb-columns__valign- uagb-columns__gap-10 align uagb-block-3042882b uagb-columns__columns-1 uagb-columns__max_width-theme\"><div class=\"uagb-columns__overlay\"><\/div><div class=\"uagb-columns__shape uagb-columns__shape-top uagb-columns__shape-above-content\"><svg xmlns=\"https:\/\/www.w3.org\/2000\/svg\" viewbox=\"0 0 1000 100\" preserveaspectratio=\"none\"><path class=\"uagb-columns__shape-fill\" opacity=\"0.33\" d=\"M473,67.3c-203.9,88.3-263.1-34-320.3,0C66,119.1,0,59.7,0,59.7V0h1000v59.7 c0,0-62.1,26.1-94.9,29.3c-32.8,3.3-62.8-12.3-75.8-22.1C806,49.6,745.3,8.7,694.9,4.7S492.4,59,473,67.3z\"><\/path><path class=\"uagb-columns__shape-fill\" opacity=\"0.66\" d=\"M734,67.3c-45.5,0-77.2-23.2-129.1-39.1c-28.6-8.7-150.3-10.1-254,39.1 s-91.7-34.4-149.2,0C115.7,118.3,0,39.8,0,39.8V0h1000v36.5c0,0-28.2-18.5-92.1-18.5C810.2,18.1,775.7,67.3,734,67.3z\"><\/path><path class=\"uagb-columns__shape-fill\" d=\"M766.1,28.9c-200-57.5-266,65.5-395.1,19.5C242,1.8,242,5.4,184.8,20.6C128,35.8,132.3,44.9,89.9,52.5C28.6,63.7,0,0,0,0 h1000c0,0-9.9,40.9-83.6,48.1S829.6,47,766.1,28.9z\"><\/path><\/svg><\/div><div class=\"uagb-columns__inner-wrap uagb-columns__columns-1\">\n<div class=\"wp-block-uagb-column uagb-column__wrap uagb-column__background-undefined uagb-block-65ee5484\"><div class=\"uagb-column__overlay\"><\/div>\n<p class=\"has-white-color has-text-color\">Sahaja Yoga se practica en todo el mundo. Las clases de meditaci\u00f3n se ofrecen siempre sin costo alguno y son conducidas por practicantes experimentados que ofrecen su tiempo para compartir lo que han aprendido.<\/p>\n\n\n\n<div class=\"wp-block-columns is-layout-flex wp-container-core-columns-is-layout-cc9f741c wp-block-columns-is-layout-flex\" style=\"margin-top:60px;margin-bottom:0px;padding-top:0px;padding-right:0px;padding-bottom:0px;padding-left:0px\">\n<div class=\"wp-block-column is-layout-flow wp-block-column-is-layout-flow\" style=\"flex-basis:49.8%\">\n<figure class=\"wp-block-image size-full is-resized\"><a href=\"https:\/\/cleveland.sahajayoga.org\/es\/\"><img loading=\"lazy\" decoding=\"async\" width=\"719\" height=\"142\" src=\"https:\/\/cleveland.sahajayoga.org\/wp-content\/uploads\/2022\/10\/SYM-logo-all-white.png\" alt=\"\" class=\"wp-image-7873\" style=\"width:221px\" srcset=\"https:\/\/cleveland.sahajayoga.org\/wp-content\/uploads\/2022\/10\/SYM-logo-all-white.png 719w, https:\/\/cleveland.sahajayoga.org\/wp-content\/uploads\/2022\/10\/SYM-logo-all-white-300x59.png 300w, https:\/\/cleveland.sahajayoga.org\/wp-content\/uploads\/2022\/10\/SYM-logo-all-white-18x4.png 18w\" sizes=\"auto, (max-width: 719px) 100vw, 719px\" \/><\/a><\/figure>\n<\/div>\n\n\n\n<div class=\"wp-block-column is-layout-flow wp-block-column-is-layout-flow\" style=\"flex-basis:285px\">\n<figure class=\"wp-block-image size-full is-resized\"><a href=\"https:\/\/www.meetup.com\/sahaja-yoga-usa\/\" target=\"_blank\" rel=\"noreferrer noopener\"><img loading=\"lazy\" decoding=\"async\" width=\"442\" height=\"88\" src=\"https:\/\/cleveland.sahajayoga.org\/wp-content\/uploads\/2022\/10\/Join-Our-Meetup-Button-2.png\" alt=\"\" class=\"wp-image-8306\" style=\"width:221px\" srcset=\"https:\/\/cleveland.sahajayoga.org\/wp-content\/uploads\/2022\/10\/Join-Our-Meetup-Button-2.png 442w, https:\/\/cleveland.sahajayoga.org\/wp-content\/uploads\/2022\/10\/Join-Our-Meetup-Button-2-300x60.png 300w, https:\/\/cleveland.sahajayoga.org\/wp-content\/uploads\/2022\/10\/Join-Our-Meetup-Button-2-18x4.png 18w\" sizes=\"auto, (max-width: 442px) 100vw, 442px\" \/><\/a><\/figure>\n<\/div>\n\n\n\n<div class=\"wp-block-column is-layout-flow wp-block-column-is-layout-flow\" style=\"flex-basis:20%\">\n<figure class=\"wp-block-image size-full is-resized\"><a href=\"https:\/\/cleveland.sahajayoga.org\/es\/contact-us\/\"><img loading=\"lazy\" decoding=\"async\" width=\"442\" height=\"88\" src=\"https:\/\/cleveland.sahajayoga.org\/wp-content\/uploads\/2022\/10\/Contact-Us-Button.png\" alt=\"\" class=\"wp-image-8305\" style=\"width:221px\" srcset=\"https:\/\/cleveland.sahajayoga.org\/wp-content\/uploads\/2022\/10\/Contact-Us-Button.png 442w, https:\/\/cleveland.sahajayoga.org\/wp-content\/uploads\/2022\/10\/Contact-Us-Button-300x60.png 300w, https:\/\/cleveland.sahajayoga.org\/wp-content\/uploads\/2022\/10\/Contact-Us-Button-18x4.png 18w\" sizes=\"auto, (max-width: 442px) 100vw, 442px\" \/><\/a><\/figure>\n<\/div>\n<\/div>\n<\/div>\n<\/div><\/section>","protected":false},"excerpt":{"rendered":"<p>ENCUENTRA UNA CLASE<\/p>","protected":false},"author":2,"featured_media":0,"parent":0,"menu_order":0,"comment_status":"closed","ping_status":"closed","template":"","meta":{"_uag_custom_page_level_css":"","site-sidebar-layout":"no-sidebar","site-content-layout":"page-builder","ast-global-header-display":"","ast-main-header-display":"","ast-hfb-above-header-display":"","ast-hfb-below-header-display":"","ast-hfb-mobile-header-display":"","site-post-title":"disabled","ast-breadcrumbs-content":"","ast-featured-img":"disabled","footer-sml-layout":"","theme-transparent-header-meta":"default","adv-header-id-meta":"","stick-header-meta":"","header-above-stick-meta":"","header-main-stick-meta":"","header-below-stick-meta":"","footnotes":""},"class_list":["post-2382","page","type-page","status-publish","hentry"],"yoast_head":"<!-- This site is optimized with the Yoast SEO plugin v26.5 - https:\/\/yoast.com\/wordpress\/plugins\/seo\/ -->\n<title>Meditate More - Sahaja Yoga<\/title>\n<meta name=\"robots\" content=\"index, follow, max-snippet:-1, max-image-preview:large, max-video-preview:-1\" \/>\n<link rel=\"canonical\" href=\"https:\/\/cleveland.sahajayoga.org\/es\/more-meditation\/\" \/>\n<meta property=\"og:locale\" content=\"es_MX\" \/>\n<meta property=\"og:type\" content=\"article\" \/>\n<meta property=\"og:title\" content=\"Meditate More - Sahaja Yoga\" \/>\n<meta property=\"og:description\" content=\"FIND CLASSES\" \/>\n<meta property=\"og:url\" content=\"https:\/\/cleveland.sahajayoga.org\/es\/more-meditation\/\" \/>\n<meta property=\"og:site_name\" content=\"Sahaja Yoga\" \/>\n<meta property=\"article:modified_time\" content=\"2022-10-30T16:57:26+00:00\" \/>\n<meta property=\"og:image\" content=\"https:\/\/cleveland.sahajayoga.org\/wp-content\/uploads\/2020\/06\/Communiti-center-300x170.jpg\" \/>\n<meta name=\"twitter:card\" content=\"summary_large_image\" \/>\n<meta name=\"twitter:label1\" content=\"Tiempo de lectura\" \/>\n\t<meta name=\"twitter:data1\" content=\"1 minuto\" \/>\n<script type=\"application\/ld+json\" class=\"yoast-schema-graph\">{\"@context\":\"https:\/\/schema.org\",\"@graph\":[{\"@type\":\"WebPage\",\"@id\":\"https:\/\/cleveland.sahajayoga.org\/more-meditation\/\",\"url\":\"https:\/\/cleveland.sahajayoga.org\/more-meditation\/\",\"name\":\"Meditate More - Sahaja Yoga\",\"isPartOf\":{\"@id\":\"https:\/\/cleveland.sahajayoga.org\/#website\"},\"primaryImageOfPage\":{\"@id\":\"https:\/\/cleveland.sahajayoga.org\/more-meditation\/#primaryimage\"},\"image\":{\"@id\":\"https:\/\/cleveland.sahajayoga.org\/more-meditation\/#primaryimage\"},\"thumbnailUrl\":\"https:\/\/cleveland.sahajayoga.org\/wp-content\/uploads\/2020\/06\/Communiti-center-300x170.jpg\",\"datePublished\":\"2020-05-04T14:42:40+00:00\",\"dateModified\":\"2022-10-30T16:57:26+00:00\",\"breadcrumb\":{\"@id\":\"https:\/\/cleveland.sahajayoga.org\/more-meditation\/#breadcrumb\"},\"inLanguage\":\"es\",\"potentialAction\":[{\"@type\":\"ReadAction\",\"target\":[\"https:\/\/cleveland.sahajayoga.org\/more-meditation\/\"]}]},{\"@type\":\"ImageObject\",\"inLanguage\":\"es\",\"@id\":\"https:\/\/cleveland.sahajayoga.org\/more-meditation\/#primaryimage\",\"url\":\"https:\/\/cleveland.sahajayoga.org\/wp-content\/uploads\/2020\/06\/Communiti-center-300x170.jpg\",\"contentUrl\":\"https:\/\/cleveland.sahajayoga.org\/wp-content\/uploads\/2020\/06\/Communiti-center-300x170.jpg\"},{\"@type\":\"BreadcrumbList\",\"@id\":\"https:\/\/cleveland.sahajayoga.org\/more-meditation\/#breadcrumb\",\"itemListElement\":[{\"@type\":\"ListItem\",\"position\":1,\"name\":\"Home\",\"item\":\"https:\/\/cleveland.sahajayoga.org\/\"},{\"@type\":\"ListItem\",\"position\":2,\"name\":\"Meditate More\"}]},{\"@type\":\"WebSite\",\"@id\":\"https:\/\/cleveland.sahajayoga.org\/#website\",\"url\":\"https:\/\/cleveland.sahajayoga.org\/\",\"name\":\"Sahaja Yoga\",\"description\":\"MEDITATION\",\"publisher\":{\"@id\":\"https:\/\/cleveland.sahajayoga.org\/#organization\"},\"potentialAction\":[{\"@type\":\"SearchAction\",\"target\":{\"@type\":\"EntryPoint\",\"urlTemplate\":\"https:\/\/cleveland.sahajayoga.org\/?s={search_term_string}\"},\"query-input\":{\"@type\":\"PropertyValueSpecification\",\"valueRequired\":true,\"valueName\":\"search_term_string\"}}],\"inLanguage\":\"es\"},{\"@type\":\"Organization\",\"@id\":\"https:\/\/cleveland.sahajayoga.org\/#organization\",\"name\":\"Sahaja Yoga\",\"url\":\"https:\/\/cleveland.sahajayoga.org\/\",\"logo\":{\"@type\":\"ImageObject\",\"inLanguage\":\"es\",\"@id\":\"https:\/\/cleveland.sahajayoga.org\/#\/schema\/logo\/image\/\",\"url\":\"https:\/\/cleveland.sahajayoga.org\/wp-content\/uploads\/2022\/11\/SYM-logo.png\",\"contentUrl\":\"https:\/\/cleveland.sahajayoga.org\/wp-content\/uploads\/2022\/11\/SYM-logo.png\",\"width\":2991,\"height\":588,\"caption\":\"Sahaja Yoga\"},\"image\":{\"@id\":\"https:\/\/cleveland.sahajayoga.org\/#\/schema\/logo\/image\/\"}}]}<\/script>\n<!-- \/ Yoast SEO plugin. -->","yoast_head_json":{"title":"Meditate More - Sahaja Yoga","robots":{"index":"index","follow":"follow","max-snippet":"max-snippet:-1","max-image-preview":"max-image-preview:large","max-video-preview":"max-video-preview:-1"},"canonical":"https:\/\/cleveland.sahajayoga.org\/es\/more-meditation\/","og_locale":"es_MX","og_type":"article","og_title":"Meditate More - Sahaja Yoga","og_description":"FIND CLASSES","og_url":"https:\/\/cleveland.sahajayoga.org\/es\/more-meditation\/","og_site_name":"Sahaja Yoga","article_modified_time":"2022-10-30T16:57:26+00:00","og_image":[{"url":"https:\/\/cleveland.sahajayoga.org\/wp-content\/uploads\/2020\/06\/Communiti-center-300x170.jpg","type":"","width":"","height":""}],"twitter_card":"summary_large_image","twitter_misc":{"Tiempo de lectura":"1 minuto"},"schema":{"@context":"https:\/\/schema.org","@graph":[{"@type":"WebPage","@id":"https:\/\/cleveland.sahajayoga.org\/more-meditation\/","url":"https:\/\/cleveland.sahajayoga.org\/more-meditation\/","name":"Meditate More - Sahaja Yoga","isPartOf":{"@id":"https:\/\/cleveland.sahajayoga.org\/#website"},"primaryImageOfPage":{"@id":"https:\/\/cleveland.sahajayoga.org\/more-meditation\/#primaryimage"},"image":{"@id":"https:\/\/cleveland.sahajayoga.org\/more-meditation\/#primaryimage"},"thumbnailUrl":"https:\/\/cleveland.sahajayoga.org\/wp-content\/uploads\/2020\/06\/Communiti-center-300x170.jpg","datePublished":"2020-05-04T14:42:40+00:00","dateModified":"2022-10-30T16:57:26+00:00","breadcrumb":{"@id":"https:\/\/cleveland.sahajayoga.org\/more-meditation\/#breadcrumb"},"inLanguage":"es","potentialAction":[{"@type":"ReadAction","target":["https:\/\/cleveland.sahajayoga.org\/more-meditation\/"]}]},{"@type":"ImageObject","inLanguage":"es","@id":"https:\/\/cleveland.sahajayoga.org\/more-meditation\/#primaryimage","url":"https:\/\/cleveland.sahajayoga.org\/wp-content\/uploads\/2020\/06\/Communiti-center-300x170.jpg","contentUrl":"https:\/\/cleveland.sahajayoga.org\/wp-content\/uploads\/2020\/06\/Communiti-center-300x170.jpg"},{"@type":"BreadcrumbList","@id":"https:\/\/cleveland.sahajayoga.org\/more-meditation\/#breadcrumb","itemListElement":[{"@type":"ListItem","position":1,"name":"Home","item":"https:\/\/cleveland.sahajayoga.org\/"},{"@type":"ListItem","position":2,"name":"Meditate More"}]},{"@type":"WebSite","@id":"https:\/\/cleveland.sahajayoga.org\/#website","url":"https:\/\/cleveland.sahajayoga.org\/","name":"Sahaja Yoga","description":"MEDITATION","publisher":{"@id":"https:\/\/cleveland.sahajayoga.org\/#organization"},"potentialAction":[{"@type":"SearchAction","target":{"@type":"EntryPoint","urlTemplate":"https:\/\/cleveland.sahajayoga.org\/?s={search_term_string}"},"query-input":{"@type":"PropertyValueSpecification","valueRequired":true,"valueName":"search_term_string"}}],"inLanguage":"es"},{"@type":"Organization","@id":"https:\/\/cleveland.sahajayoga.org\/#organization","name":"Sahaja Yoga","url":"https:\/\/cleveland.sahajayoga.org\/","logo":{"@type":"ImageObject","inLanguage":"es","@id":"https:\/\/cleveland.sahajayoga.org\/#\/schema\/logo\/image\/","url":"https:\/\/cleveland.sahajayoga.org\/wp-content\/uploads\/2022\/11\/SYM-logo.png","contentUrl":"https:\/\/cleveland.sahajayoga.org\/wp-content\/uploads\/2022\/11\/SYM-logo.png","width":2991,"height":588,"caption":"Sahaja Yoga"},"image":{"@id":"https:\/\/cleveland.sahajayoga.org\/#\/schema\/logo\/image\/"}}]}},"uagb_featured_image_src":{"full":false,"thumbnail":false,"medium":false,"medium_large":false,"large":false,"1536x1536":false,"2048x2048":false,"trp-custom-language-flag":false},"uagb_author_info":{"display_name":"Harsh Choudhary","author_link":"https:\/\/cleveland.sahajayoga.org\/es\/author\/harsh\/"},"uagb_comment_info":0,"uagb_excerpt":"FIND CLASSES","_links":{"self":[{"href":"https:\/\/cleveland.sahajayoga.org\/es\/wp-json\/wp\/v2\/pages\/2382","targetHints":{"allow":["GET"]}}],"collection":[{"href":"https:\/\/cleveland.sahajayoga.org\/es\/wp-json\/wp\/v2\/pages"}],"about":[{"href":"https:\/\/cleveland.sahajayoga.org\/es\/wp-json\/wp\/v2\/types\/page"}],"author":[{"embeddable":true,"href":"https:\/\/cleveland.sahajayoga.org\/es\/wp-json\/wp\/v2\/users\/2"}],"replies":[{"embeddable":true,"href":"https:\/\/cleveland.sahajayoga.org\/es\/wp-json\/wp\/v2\/comments?post=2382"}],"version-history":[{"count":10,"href":"https:\/\/cleveland.sahajayoga.org\/es\/wp-json\/wp\/v2\/pages\/2382\/revisions"}],"predecessor-version":[{"id":8288,"href":"https:\/\/cleveland.sahajayoga.org\/es\/wp-json\/wp\/v2\/pages\/2382\/revisions\/8288"}],"wp:attachment":[{"href":"https:\/\/cleveland.sahajayoga.org\/es\/wp-json\/wp\/v2\/media?parent=2382"}],"curies":[{"name":"wp","href":"https:\/\/api.w.org\/{rel}","templated":true}]}}