{"id":1683,"date":"2020-04-20T14:38:42","date_gmt":"2020-04-20T14:38:42","guid":{"rendered":"https:\/\/cleveland.sahajayoga.org\/?page_id=1683"},"modified":"2022-11-04T00:12:41","modified_gmt":"2022-11-04T00:12:41","slug":"the-kundalini","status":"publish","type":"page","link":"https:\/\/cleveland.sahajayoga.org\/es\/the-kundalini\/","title":{"rendered":"La Kundalini"},"content":{"rendered":"<section class=\"wp-block-uagb-columns uagb-columns__wrap uagb-columns__background-image uagb-columns__stack-mobile uagb-columns__valign- uagb-columns__gap-10 align uagb-block-e1385f77 uagb-columns__columns-1 uagb-columns__max_width-theme\"><div class=\"uagb-columns__overlay\"><\/div><div class=\"uagb-columns__inner-wrap uagb-columns__columns-1\">\n<div class=\"wp-block-uagb-column uagb-column__wrap uagb-column__background-undefined uagb-block-21b496fe\"><div class=\"uagb-column__overlay\"><\/div>\n<div class=\"wp-block-columns is-layout-flex wp-container-core-columns-is-layout-28f84493 wp-block-columns-is-layout-flex\">\n<div class=\"wp-block-column is-layout-flow wp-block-column-is-layout-flow\" style=\"flex-basis:66.66%\">\n<div class=\"wp-block-uagb-info-box uagb-block-e2824d33 uagb-infobox__content-wrap  uagb-infobox-icon-above-title uagb-infobox-image-valign-top\"><div class=\"uagb-ifb-content\"><div class=\"uagb-ifb-title-wrap\"><h2 class=\"uagb-ifb-title\">LA ENERG\u00cdA KUNDALINI<\/h2><\/div><div class=\"uagb-ifb-separator\"><\/div><div class=\"uagb-ifb-button-wrapper wp-block-button\"><a href=\"https:\/\/cleveland.sahajayoga.org\/es\/get-started\/\" class=\"uagb-infobox-cta-link wp-block-button__link\" target=\"_self\" rel=\"noopener noreferrer\" alt=\"\"><span class=\"uagb-inline-editing\">DESPIERTA TU ENERG\u00cdA INTERIOR<\/span><\/a><\/div><\/div><\/div>\n<\/div>\n\n\n\n<div class=\"wp-block-column is-layout-flow wp-block-column-is-layout-flow\" style=\"flex-basis:33.33%\"><\/div>\n<\/div>\n\n\n\n<p><\/p>\n<\/div>\n<\/div><div class=\"uagb-columns__shape uagb-columns__shape-bottom\" data-negative=\"false\"><svg xmlns=\"https:\/\/www.w3.org\/2000\/svg\" viewbox=\"0 0 1000 100\" preserveaspectratio=\"none\"><path class=\"uagb-columns__shape-fill\" opacity=\"0.33\" d=\"M473,67.3c-203.9,88.3-263.1-34-320.3,0C66,119.1,0,59.7,0,59.7V0h1000v59.7 c0,0-62.1,26.1-94.9,29.3c-32.8,3.3-62.8-12.3-75.8-22.1C806,49.6,745.3,8.7,694.9,4.7S492.4,59,473,67.3z\"><\/path><path class=\"uagb-columns__shape-fill\" opacity=\"0.66\" d=\"M734,67.3c-45.5,0-77.2-23.2-129.1-39.1c-28.6-8.7-150.3-10.1-254,39.1 s-91.7-34.4-149.2,0C115.7,118.3,0,39.8,0,39.8V0h1000v36.5c0,0-28.2-18.5-92.1-18.5C810.2,18.1,775.7,67.3,734,67.3z\"><\/path><path class=\"uagb-columns__shape-fill\" d=\"M766.1,28.9c-200-57.5-266,65.5-395.1,19.5C242,1.8,242,5.4,184.8,20.6C128,35.8,132.3,44.9,89.9,52.5C28.6,63.7,0,0,0,0 h1000c0,0-9.9,40.9-83.6,48.1S829.6,47,766.1,28.9z\"><\/path><\/svg><\/div><\/section>\n\n\n\n<section class=\"wp-block-uagb-columns uagb-columns__wrap uagb-columns__background-none uagb-columns__stack-mobile uagb-columns__valign- uagb-columns__gap-10 align uagb-block-937a998c uagb-columns__columns-2 uagb-columns__max_width-theme\"><div class=\"uagb-columns__overlay\"><\/div><div class=\"uagb-columns__inner-wrap uagb-columns__columns-2\">\n<div class=\"wp-block-uagb-column uagb-column__wrap uagb-column__background-undefined uagb-block-37d34119\"><div class=\"uagb-column__overlay\"><\/div>\n<div class=\"wp-block-uagb-advanced-heading uagb-block-0100f302\"><h3 class=\"uagb-heading-text\">SATISFACE TU B\u00daSQUEDA<\/h3><div class=\"uagb-separator\"><\/div><\/div>\n\n\n\n<p class=\"has-text-color\" style=\"color:#6c6b6b\">Todos queremos cosas.<br>Una casa m\u00e1s grande. Vacaciones. Un trabajo satisfactorio. Mejor salud. Un estatus m\u00e1s alto. <\/p>\n\n\n\n<p class=\"has-text-color\" style=\"color:#6c6b6b\">El desear es parte de nuestra naturaleza humana. Los seres humanos buscamos sustento o refugio y a menudo evolucionamos hasta un punto en el que nuestra Kundalini nos prepara para buscar un significado m\u00e1s profundo en nuestras vidas. A menos que reconozcamos eso, podemos satisfacer todos los deseos que tenemos y todav\u00eda permanecer insatisfechos.&nbsp;<em>want<\/em>&nbsp;is how we (and all living things) are wired. Most living things seek sustenance or shelter. Human beings are often fortunate to have evolved to a point where our Kundalini primes us to seek a deeper meaning in our lives.<\/p>\n\n\n\n<p class=\"has-text-color\" style=\"color:#6c6b6b\">Until we recognize that, we can satisfy all the wants we have and remain unfulfilled.<\/p>\n<\/div>\n\n\n\n<div class=\"wp-block-uagb-column uagb-column__wrap uagb-column__background-undefined uagb-block-ee64a4b8\"><div class=\"uagb-column__overlay\"><\/div>\n<figure class=\"wp-block-image aligncenter size-large\"><img loading=\"lazy\" decoding=\"async\" width=\"1024\" height=\"577\" src=\"https:\/\/cleveland.sahajayoga.org\/wp-content\/uploads\/2020\/05\/stairs-by-rodion-kutsaev-72dpi-1024x577.jpg\" alt=\"\" class=\"wp-image-3374\" srcset=\"https:\/\/cleveland.sahajayoga.org\/wp-content\/uploads\/2020\/05\/stairs-by-rodion-kutsaev-72dpi-1024x577.jpg 1024w, https:\/\/cleveland.sahajayoga.org\/wp-content\/uploads\/2020\/05\/stairs-by-rodion-kutsaev-72dpi-300x169.jpg 300w, https:\/\/cleveland.sahajayoga.org\/wp-content\/uploads\/2020\/05\/stairs-by-rodion-kutsaev-72dpi-768x432.jpg 768w, https:\/\/cleveland.sahajayoga.org\/wp-content\/uploads\/2020\/05\/stairs-by-rodion-kutsaev-72dpi-600x338.jpg 600w, https:\/\/cleveland.sahajayoga.org\/wp-content\/uploads\/2020\/05\/stairs-by-rodion-kutsaev-72dpi.jpg 1499w\" sizes=\"auto, (max-width: 1024px) 100vw, 1024px\" \/><\/figure>\n<\/div>\n<\/div><\/section>\n\n\n\n<hr class=\"wp-block-separator has-text-color has-very-light-gray-color has-css-opacity has-very-light-gray-background-color has-background is-style-wide\"\/>\n\n\n\n<section class=\"wp-block-uagb-columns uagb-columns__wrap uagb-columns__background-none uagb-columns__stack-mobile uagb-columns__valign- uagb-columns__gap-10 align uagb-block-1fc5a5ec uagb-columns__columns-2 uagb-columns__max_width-theme\"><div class=\"uagb-columns__overlay\"><\/div><div class=\"uagb-columns__inner-wrap uagb-columns__columns-2\">\n<div class=\"wp-block-uagb-column uagb-column__wrap uagb-column__background-undefined uagb-block-31b1c8db\"><div class=\"uagb-column__overlay\"><\/div>\n<div class=\"wp-block-uagb-advanced-heading uagb-block-7ab5d260\"><h3 class=\"uagb-heading-text\">EL PAPEL DE KUNDALINI EN LA MEDITACI\u00d3N<\/h3><div class=\"uagb-separator\"><\/div><\/div>\n\n\n\n<p class=\"has-text-color\" style=\"color:#6c6b6b\">Kundalini, deriva de la palabra s\u00e1nscrita \"kundala\" que significa \"espiral\", es una energ\u00eda evolutiva consciente que se encuentra en forma durmiente en la base de la columna vertebral de cada persona en el hueso sacro. Cuando esta energ\u00eda se despierta, comienza su viaje subiendo a trav\u00e9s de tu canal de energ\u00eda central, el Sushumna. En su camino, atraviesa y purifica los chakras hasta llegar a la parte superior del cr\u00e1neo. Es en este punto en el cual obtienes la Realizaci\u00f3n del Ser y tu Kundalini se une con la energ\u00eda espiritual omnipresente que existe en todas las cosas vivientes.<\/p>\n<\/div>\n\n\n\n<div class=\"wp-block-uagb-column uagb-column__wrap uagb-column__background-undefined uagb-block-c2c19cfc\"><div class=\"uagb-column__overlay\"><\/div>\n<figure class=\"wp-block-image size-large is-resized\"><img decoding=\"async\" src=\"https:\/\/cleveland.sahajayoga.org\/wp-content\/uploads\/2020\/05\/Kundalini-subtle-system-1000px-72dpi-928x1024.png\" alt=\"\" class=\"wp-image-3165\" width=\"460\" srcset=\"https:\/\/cleveland.sahajayoga.org\/wp-content\/uploads\/2020\/05\/Kundalini-subtle-system-1000px-72dpi-928x1024.png 928w, https:\/\/cleveland.sahajayoga.org\/wp-content\/uploads\/2020\/05\/Kundalini-subtle-system-1000px-72dpi-272x300.png 272w, https:\/\/cleveland.sahajayoga.org\/wp-content\/uploads\/2020\/05\/Kundalini-subtle-system-1000px-72dpi-768x847.png 768w, https:\/\/cleveland.sahajayoga.org\/wp-content\/uploads\/2020\/05\/Kundalini-subtle-system-1000px-72dpi-600x662.png 600w, https:\/\/cleveland.sahajayoga.org\/wp-content\/uploads\/2020\/05\/Kundalini-subtle-system-1000px-72dpi.png 1000w\" sizes=\"(max-width: 928px) 100vw, 928px\" \/><\/figure>\n\n\n\n<p><\/p>\n<\/div>\n<\/div><\/section>\n\n\n\n<section class=\"wp-block-uagb-section uagb-section__wrap uagb-section__background-color uagb-block-5cc4d639\"><div class=\"uagb-section__overlay\"><\/div><div class=\"uagb-section__inner-wrap\">\n<figure class=\"wp-block-image aligncenter size-large is-resized\"><img decoding=\"async\" src=\"https:\/\/cleveland.sahajayoga.org\/wp-content\/uploads\/2022\/05\/Quote-6-Kundalini-cures-you-she-improves-you-she-bestows-all-the-blissful-things-upon-you.-Shri-Mataji-1024x413.png\" alt=\"\" class=\"wp-image-7174\" width=\"550\" srcset=\"https:\/\/cleveland.sahajayoga.org\/wp-content\/uploads\/2022\/05\/Quote-6-Kundalini-cures-you-she-improves-you-she-bestows-all-the-blissful-things-upon-you.-Shri-Mataji-1024x413.png 1024w, https:\/\/cleveland.sahajayoga.org\/wp-content\/uploads\/2022\/05\/Quote-6-Kundalini-cures-you-she-improves-you-she-bestows-all-the-blissful-things-upon-you.-Shri-Mataji-300x121.png 300w, https:\/\/cleveland.sahajayoga.org\/wp-content\/uploads\/2022\/05\/Quote-6-Kundalini-cures-you-she-improves-you-she-bestows-all-the-blissful-things-upon-you.-Shri-Mataji-768x310.png 768w, https:\/\/cleveland.sahajayoga.org\/wp-content\/uploads\/2022\/05\/Quote-6-Kundalini-cures-you-she-improves-you-she-bestows-all-the-blissful-things-upon-you.-Shri-Mataji-16x6.png 16w, https:\/\/cleveland.sahajayoga.org\/wp-content\/uploads\/2022\/05\/Quote-6-Kundalini-cures-you-she-improves-you-she-bestows-all-the-blissful-things-upon-you.-Shri-Mataji.png 1126w\" sizes=\"(max-width: 1024px) 100vw, 1024px\" \/><\/figure>\n<\/div><\/section>\n\n\n\n<section class=\"wp-block-uagb-columns uagb-columns__wrap uagb-columns__background-none uagb-columns__stack-mobile uagb-columns__valign- uagb-columns__gap-10 align uagb-block-9b5b1400 uagb-columns__columns-1 uagb-columns__max_width-custom\"><div class=\"uagb-columns__overlay\"><\/div><div class=\"uagb-columns__inner-wrap uagb-columns__columns-1\">\n<div class=\"wp-block-uagb-column uagb-column__wrap uagb-column__background-undefined uagb-block-1b8c0506\"><div class=\"uagb-column__overlay\"><\/div>\n<div class=\"wp-block-uagb-advanced-heading uagb-block-6a8b7906\"><h3 class=\"uagb-heading-text\">EL CONOCIMIENTO SAGRADO<\/h3><div class=\"uagb-separator\"><\/div><p class=\"uagb-desc-text\">En la antig\u00fcedad, la existencia y el poder de la Kundalini era un conocimiento sagrado transmitido de maestro a disc\u00edpulo. Los maestros espirituales que conoc\u00edan la Kundalini guiaban a sus disc\u00edpulos a trav\u00e9s de a\u00f1os de pr\u00e1cticas rigurosas y severas penitencias para lograr el despertar de la Kundalini. Sin embargo, el despertar era alcanzado por s\u00f3lo aquellos que persist\u00edan arduamente. En los tiempos modernos, Sahaja Yoga ha hecho posible este despertar para todo aquel que lo desee. Tu propio deseo de ascenso espiritual es lo principal para lograr el despertar de tu kundalini.<\/p><\/div>\n<\/div>\n<\/div><\/section>\n\n\n\n<section class=\"wp-block-uagb-columns uagb-columns__wrap uagb-columns__background-color uagb-columns__stack-mobile uagb-columns__valign- uagb-columns__gap-10 align uagb-block-3042882b uagb-columns__columns-1 uagb-columns__max_width-theme\"><div class=\"uagb-columns__overlay\"><\/div><div class=\"uagb-columns__shape uagb-columns__shape-top uagb-columns__shape-above-content\"><svg xmlns=\"https:\/\/www.w3.org\/2000\/svg\" viewbox=\"0 0 1000 100\" preserveaspectratio=\"none\"><path class=\"uagb-columns__shape-fill\" opacity=\"0.33\" d=\"M473,67.3c-203.9,88.3-263.1-34-320.3,0C66,119.1,0,59.7,0,59.7V0h1000v59.7 c0,0-62.1,26.1-94.9,29.3c-32.8,3.3-62.8-12.3-75.8-22.1C806,49.6,745.3,8.7,694.9,4.7S492.4,59,473,67.3z\"><\/path><path class=\"uagb-columns__shape-fill\" opacity=\"0.66\" d=\"M734,67.3c-45.5,0-77.2-23.2-129.1-39.1c-28.6-8.7-150.3-10.1-254,39.1 s-91.7-34.4-149.2,0C115.7,118.3,0,39.8,0,39.8V0h1000v36.5c0,0-28.2-18.5-92.1-18.5C810.2,18.1,775.7,67.3,734,67.3z\"><\/path><path class=\"uagb-columns__shape-fill\" d=\"M766.1,28.9c-200-57.5-266,65.5-395.1,19.5C242,1.8,242,5.4,184.8,20.6C128,35.8,132.3,44.9,89.9,52.5C28.6,63.7,0,0,0,0 h1000c0,0-9.9,40.9-83.6,48.1S829.6,47,766.1,28.9z\"><\/path><\/svg><\/div><div class=\"uagb-columns__inner-wrap uagb-columns__columns-1\">\n<div class=\"wp-block-uagb-column uagb-column__wrap uagb-column__background-undefined uagb-block-65ee5484\"><div class=\"uagb-column__overlay\"><\/div>\n<p class=\"has-white-color has-text-color\">Sahaja Yoga se practica en todo el mundo. Las clases de meditaci\u00f3n se ofrecen siempre sin costo alguno y son conducidas por practicantes experimentados que ofrecen su tiempo para compartir lo que han aprendido.<\/p>\n\n\n\n<div class=\"wp-block-columns is-layout-flex wp-container-core-columns-is-layout-cc9f741c wp-block-columns-is-layout-flex\" style=\"margin-top:60px;margin-bottom:0px;padding-top:0px;padding-right:0px;padding-bottom:0px;padding-left:0px\">\n<div class=\"wp-block-column is-layout-flow wp-block-column-is-layout-flow\" style=\"flex-basis:49.8%\">\n<figure class=\"wp-block-image size-full is-resized\"><a href=\"https:\/\/cleveland.sahajayoga.org\/es\/\"><img loading=\"lazy\" decoding=\"async\" width=\"719\" height=\"142\" src=\"https:\/\/cleveland.sahajayoga.org\/wp-content\/uploads\/2022\/10\/SYM-logo-all-white.png\" alt=\"\" class=\"wp-image-7873\" style=\"width:221px\" srcset=\"https:\/\/cleveland.sahajayoga.org\/wp-content\/uploads\/2022\/10\/SYM-logo-all-white.png 719w, https:\/\/cleveland.sahajayoga.org\/wp-content\/uploads\/2022\/10\/SYM-logo-all-white-300x59.png 300w, https:\/\/cleveland.sahajayoga.org\/wp-content\/uploads\/2022\/10\/SYM-logo-all-white-18x4.png 18w\" sizes=\"auto, (max-width: 719px) 100vw, 719px\" \/><\/a><\/figure>\n<\/div>\n\n\n\n<div class=\"wp-block-column is-layout-flow wp-block-column-is-layout-flow\" style=\"flex-basis:285px\">\n<figure class=\"wp-block-image size-full is-resized\"><a href=\"https:\/\/www.meetup.com\/sahaja-yoga-usa\/\" target=\"_blank\" rel=\"noreferrer noopener\"><img loading=\"lazy\" decoding=\"async\" width=\"442\" height=\"88\" src=\"https:\/\/cleveland.sahajayoga.org\/wp-content\/uploads\/2022\/10\/Join-Our-Meetup-Button-2.png\" alt=\"\" class=\"wp-image-8306\" style=\"width:221px\" srcset=\"https:\/\/cleveland.sahajayoga.org\/wp-content\/uploads\/2022\/10\/Join-Our-Meetup-Button-2.png 442w, https:\/\/cleveland.sahajayoga.org\/wp-content\/uploads\/2022\/10\/Join-Our-Meetup-Button-2-300x60.png 300w, https:\/\/cleveland.sahajayoga.org\/wp-content\/uploads\/2022\/10\/Join-Our-Meetup-Button-2-18x4.png 18w\" sizes=\"auto, (max-width: 442px) 100vw, 442px\" \/><\/a><\/figure>\n<\/div>\n\n\n\n<div class=\"wp-block-column is-layout-flow wp-block-column-is-layout-flow\" style=\"flex-basis:20%\">\n<figure class=\"wp-block-image size-full is-resized\"><a href=\"https:\/\/cleveland.sahajayoga.org\/es\/contact-us\/\"><img loading=\"lazy\" decoding=\"async\" width=\"442\" height=\"88\" src=\"https:\/\/cleveland.sahajayoga.org\/wp-content\/uploads\/2022\/10\/Contact-Us-Button.png\" alt=\"\" class=\"wp-image-8305\" style=\"width:221px\" srcset=\"https:\/\/cleveland.sahajayoga.org\/wp-content\/uploads\/2022\/10\/Contact-Us-Button.png 442w, https:\/\/cleveland.sahajayoga.org\/wp-content\/uploads\/2022\/10\/Contact-Us-Button-300x60.png 300w, https:\/\/cleveland.sahajayoga.org\/wp-content\/uploads\/2022\/10\/Contact-Us-Button-18x4.png 18w\" sizes=\"auto, (max-width: 442px) 100vw, 442px\" \/><\/a><\/figure>\n<\/div>\n<\/div>\n<\/div>\n<\/div><\/section>","protected":false},"excerpt":{"rendered":"<p>SATISFY YOUR SEEKING We all want things.A bigger home. A vacation. A satisfying job. Better health. Higher status. The desire to&nbsp;want&nbsp;is how we (and all living things) are wired. Most living things seek sustenance or shelter. Human beings are often fortunate to have evolved to a point where our Kundalini primes us to seek a &hellip;<\/p>\n<p class=\"read-more\"> <a class=\"\" href=\"https:\/\/cleveland.sahajayoga.org\/es\/the-kundalini\/\"> <span class=\"screen-reader-text\">La Kundalini<\/span> Leer m\u00e1s &raquo;<\/a><\/p>","protected":false},"author":1,"featured_media":0,"parent":0,"menu_order":0,"comment_status":"closed","ping_status":"closed","template":"","meta":{"_uag_custom_page_level_css":"","site-sidebar-layout":"no-sidebar","site-content-layout":"page-builder","ast-global-header-display":"","ast-main-header-display":"","ast-hfb-above-header-display":"","ast-hfb-below-header-display":"","ast-hfb-mobile-header-display":"","site-post-title":"disabled","ast-breadcrumbs-content":"","ast-featured-img":"disabled","footer-sml-layout":"","theme-transparent-header-meta":"default","adv-header-id-meta":"","stick-header-meta":"","header-above-stick-meta":"","header-main-stick-meta":"","header-below-stick-meta":"","footnotes":""},"class_list":["post-1683","page","type-page","status-publish","hentry"],"yoast_head":"<!-- This site is optimized with the Yoast SEO plugin v26.5 - https:\/\/yoast.com\/wordpress\/plugins\/seo\/ -->\n<title>The Kundalini - Sahaja Yoga<\/title>\n<meta name=\"robots\" content=\"index, follow, max-snippet:-1, max-image-preview:large, max-video-preview:-1\" \/>\n<link rel=\"canonical\" href=\"https:\/\/cleveland.sahajayoga.org\/es\/the-kundalini\/\" \/>\n<meta property=\"og:locale\" content=\"es_MX\" \/>\n<meta property=\"og:type\" content=\"article\" \/>\n<meta property=\"og:title\" content=\"The Kundalini - Sahaja Yoga\" \/>\n<meta property=\"og:description\" content=\"SATISFY YOUR SEEKING We all want things.A bigger home. A vacation. A satisfying job. Better health. Higher status. The desire to&nbsp;want&nbsp;is how we (and all living things) are wired. Most living things seek sustenance or shelter. Human beings are often fortunate to have evolved to a point where our Kundalini primes us to seek a &hellip; The Kundalini Leer m\u00e1s &raquo;\" \/>\n<meta property=\"og:url\" content=\"https:\/\/cleveland.sahajayoga.org\/es\/the-kundalini\/\" \/>\n<meta property=\"og:site_name\" content=\"Sahaja Yoga\" \/>\n<meta property=\"article:modified_time\" content=\"2022-11-04T00:12:41+00:00\" \/>\n<meta property=\"og:image\" content=\"https:\/\/cleveland.sahajayoga.org\/wp-content\/uploads\/2020\/05\/stairs-by-rodion-kutsaev-72dpi-1024x577.jpg\" \/>\n<meta name=\"twitter:card\" content=\"summary_large_image\" \/>\n<meta name=\"twitter:label1\" content=\"Tiempo de lectura\" \/>\n\t<meta name=\"twitter:data1\" content=\"2 minutos\" \/>\n<script type=\"application\/ld+json\" class=\"yoast-schema-graph\">{\"@context\":\"https:\/\/schema.org\",\"@graph\":[{\"@type\":\"WebPage\",\"@id\":\"https:\/\/cleveland.sahajayoga.org\/the-kundalini\/\",\"url\":\"https:\/\/cleveland.sahajayoga.org\/the-kundalini\/\",\"name\":\"The Kundalini - Sahaja Yoga\",\"isPartOf\":{\"@id\":\"https:\/\/cleveland.sahajayoga.org\/#website\"},\"primaryImageOfPage\":{\"@id\":\"https:\/\/cleveland.sahajayoga.org\/the-kundalini\/#primaryimage\"},\"image\":{\"@id\":\"https:\/\/cleveland.sahajayoga.org\/the-kundalini\/#primaryimage\"},\"thumbnailUrl\":\"https:\/\/cleveland.sahajayoga.org\/wp-content\/uploads\/2020\/05\/stairs-by-rodion-kutsaev-72dpi-1024x577.jpg\",\"datePublished\":\"2020-04-20T14:38:42+00:00\",\"dateModified\":\"2022-11-04T00:12:41+00:00\",\"breadcrumb\":{\"@id\":\"https:\/\/cleveland.sahajayoga.org\/the-kundalini\/#breadcrumb\"},\"inLanguage\":\"es\",\"potentialAction\":[{\"@type\":\"ReadAction\",\"target\":[\"https:\/\/cleveland.sahajayoga.org\/the-kundalini\/\"]}]},{\"@type\":\"ImageObject\",\"inLanguage\":\"es\",\"@id\":\"https:\/\/cleveland.sahajayoga.org\/the-kundalini\/#primaryimage\",\"url\":\"https:\/\/cleveland.sahajayoga.org\/wp-content\/uploads\/2020\/05\/stairs-by-rodion-kutsaev-72dpi-1024x577.jpg\",\"contentUrl\":\"https:\/\/cleveland.sahajayoga.org\/wp-content\/uploads\/2020\/05\/stairs-by-rodion-kutsaev-72dpi-1024x577.jpg\"},{\"@type\":\"BreadcrumbList\",\"@id\":\"https:\/\/cleveland.sahajayoga.org\/the-kundalini\/#breadcrumb\",\"itemListElement\":[{\"@type\":\"ListItem\",\"position\":1,\"name\":\"Home\",\"item\":\"https:\/\/cleveland.sahajayoga.org\/\"},{\"@type\":\"ListItem\",\"position\":2,\"name\":\"The Kundalini\"}]},{\"@type\":\"WebSite\",\"@id\":\"https:\/\/cleveland.sahajayoga.org\/#website\",\"url\":\"https:\/\/cleveland.sahajayoga.org\/\",\"name\":\"Sahaja Yoga\",\"description\":\"MEDITATION\",\"publisher\":{\"@id\":\"https:\/\/cleveland.sahajayoga.org\/#organization\"},\"potentialAction\":[{\"@type\":\"SearchAction\",\"target\":{\"@type\":\"EntryPoint\",\"urlTemplate\":\"https:\/\/cleveland.sahajayoga.org\/?s={search_term_string}\"},\"query-input\":{\"@type\":\"PropertyValueSpecification\",\"valueRequired\":true,\"valueName\":\"search_term_string\"}}],\"inLanguage\":\"es\"},{\"@type\":\"Organization\",\"@id\":\"https:\/\/cleveland.sahajayoga.org\/#organization\",\"name\":\"Sahaja Yoga\",\"url\":\"https:\/\/cleveland.sahajayoga.org\/\",\"logo\":{\"@type\":\"ImageObject\",\"inLanguage\":\"es\",\"@id\":\"https:\/\/cleveland.sahajayoga.org\/#\/schema\/logo\/image\/\",\"url\":\"https:\/\/cleveland.sahajayoga.org\/wp-content\/uploads\/2022\/11\/SYM-logo.png\",\"contentUrl\":\"https:\/\/cleveland.sahajayoga.org\/wp-content\/uploads\/2022\/11\/SYM-logo.png\",\"width\":2991,\"height\":588,\"caption\":\"Sahaja Yoga\"},\"image\":{\"@id\":\"https:\/\/cleveland.sahajayoga.org\/#\/schema\/logo\/image\/\"}}]}<\/script>\n<!-- \/ Yoast SEO plugin. -->","yoast_head_json":{"title":"The Kundalini - Sahaja Yoga","robots":{"index":"index","follow":"follow","max-snippet":"max-snippet:-1","max-image-preview":"max-image-preview:large","max-video-preview":"max-video-preview:-1"},"canonical":"https:\/\/cleveland.sahajayoga.org\/es\/the-kundalini\/","og_locale":"es_MX","og_type":"article","og_title":"The Kundalini - Sahaja Yoga","og_description":"SATISFY YOUR SEEKING We all want things.A bigger home. A vacation. A satisfying job. Better health. Higher status. The desire to&nbsp;want&nbsp;is how we (and all living things) are wired. Most living things seek sustenance or shelter. Human beings are often fortunate to have evolved to a point where our Kundalini primes us to seek a &hellip; The Kundalini Leer m\u00e1s &raquo;","og_url":"https:\/\/cleveland.sahajayoga.org\/es\/the-kundalini\/","og_site_name":"Sahaja Yoga","article_modified_time":"2022-11-04T00:12:41+00:00","og_image":[{"url":"https:\/\/cleveland.sahajayoga.org\/wp-content\/uploads\/2020\/05\/stairs-by-rodion-kutsaev-72dpi-1024x577.jpg","type":"","width":"","height":""}],"twitter_card":"summary_large_image","twitter_misc":{"Tiempo de lectura":"2 minutos"},"schema":{"@context":"https:\/\/schema.org","@graph":[{"@type":"WebPage","@id":"https:\/\/cleveland.sahajayoga.org\/the-kundalini\/","url":"https:\/\/cleveland.sahajayoga.org\/the-kundalini\/","name":"The Kundalini - Sahaja Yoga","isPartOf":{"@id":"https:\/\/cleveland.sahajayoga.org\/#website"},"primaryImageOfPage":{"@id":"https:\/\/cleveland.sahajayoga.org\/the-kundalini\/#primaryimage"},"image":{"@id":"https:\/\/cleveland.sahajayoga.org\/the-kundalini\/#primaryimage"},"thumbnailUrl":"https:\/\/cleveland.sahajayoga.org\/wp-content\/uploads\/2020\/05\/stairs-by-rodion-kutsaev-72dpi-1024x577.jpg","datePublished":"2020-04-20T14:38:42+00:00","dateModified":"2022-11-04T00:12:41+00:00","breadcrumb":{"@id":"https:\/\/cleveland.sahajayoga.org\/the-kundalini\/#breadcrumb"},"inLanguage":"es","potentialAction":[{"@type":"ReadAction","target":["https:\/\/cleveland.sahajayoga.org\/the-kundalini\/"]}]},{"@type":"ImageObject","inLanguage":"es","@id":"https:\/\/cleveland.sahajayoga.org\/the-kundalini\/#primaryimage","url":"https:\/\/cleveland.sahajayoga.org\/wp-content\/uploads\/2020\/05\/stairs-by-rodion-kutsaev-72dpi-1024x577.jpg","contentUrl":"https:\/\/cleveland.sahajayoga.org\/wp-content\/uploads\/2020\/05\/stairs-by-rodion-kutsaev-72dpi-1024x577.jpg"},{"@type":"BreadcrumbList","@id":"https:\/\/cleveland.sahajayoga.org\/the-kundalini\/#breadcrumb","itemListElement":[{"@type":"ListItem","position":1,"name":"Home","item":"https:\/\/cleveland.sahajayoga.org\/"},{"@type":"ListItem","position":2,"name":"The Kundalini"}]},{"@type":"WebSite","@id":"https:\/\/cleveland.sahajayoga.org\/#website","url":"https:\/\/cleveland.sahajayoga.org\/","name":"Sahaja Yoga","description":"MEDITATION","publisher":{"@id":"https:\/\/cleveland.sahajayoga.org\/#organization"},"potentialAction":[{"@type":"SearchAction","target":{"@type":"EntryPoint","urlTemplate":"https:\/\/cleveland.sahajayoga.org\/?s={search_term_string}"},"query-input":{"@type":"PropertyValueSpecification","valueRequired":true,"valueName":"search_term_string"}}],"inLanguage":"es"},{"@type":"Organization","@id":"https:\/\/cleveland.sahajayoga.org\/#organization","name":"Sahaja Yoga","url":"https:\/\/cleveland.sahajayoga.org\/","logo":{"@type":"ImageObject","inLanguage":"es","@id":"https:\/\/cleveland.sahajayoga.org\/#\/schema\/logo\/image\/","url":"https:\/\/cleveland.sahajayoga.org\/wp-content\/uploads\/2022\/11\/SYM-logo.png","contentUrl":"https:\/\/cleveland.sahajayoga.org\/wp-content\/uploads\/2022\/11\/SYM-logo.png","width":2991,"height":588,"caption":"Sahaja Yoga"},"image":{"@id":"https:\/\/cleveland.sahajayoga.org\/#\/schema\/logo\/image\/"}}]}},"uagb_featured_image_src":{"full":false,"thumbnail":false,"medium":false,"medium_large":false,"large":false,"1536x1536":false,"2048x2048":false,"trp-custom-language-flag":false},"uagb_author_info":{"display_name":"","author_link":"https:\/\/cleveland.sahajayoga.org\/es\/author\/"},"uagb_comment_info":0,"uagb_excerpt":"SATISFY YOUR SEEKING We all want things.A bigger home. A vacation. A satisfying job. Better health. Higher status. The desire to&nbsp;want&nbsp;is how we (and all living things) are wired. Most living things seek sustenance or shelter. Human beings are often fortunate to have evolved to a point where our Kundalini primes us to seek a&hellip;","_links":{"self":[{"href":"https:\/\/cleveland.sahajayoga.org\/es\/wp-json\/wp\/v2\/pages\/1683","targetHints":{"allow":["GET"]}}],"collection":[{"href":"https:\/\/cleveland.sahajayoga.org\/es\/wp-json\/wp\/v2\/pages"}],"about":[{"href":"https:\/\/cleveland.sahajayoga.org\/es\/wp-json\/wp\/v2\/types\/page"}],"author":[{"embeddable":true,"href":"https:\/\/cleveland.sahajayoga.org\/es\/wp-json\/wp\/v2\/users\/1"}],"replies":[{"embeddable":true,"href":"https:\/\/cleveland.sahajayoga.org\/es\/wp-json\/wp\/v2\/comments?post=1683"}],"version-history":[{"count":10,"href":"https:\/\/cleveland.sahajayoga.org\/es\/wp-json\/wp\/v2\/pages\/1683\/revisions"}],"predecessor-version":[{"id":9031,"href":"https:\/\/cleveland.sahajayoga.org\/es\/wp-json\/wp\/v2\/pages\/1683\/revisions\/9031"}],"wp:attachment":[{"href":"https:\/\/cleveland.sahajayoga.org\/es\/wp-json\/wp\/v2\/media?parent=1683"}],"curies":[{"name":"wp","href":"https:\/\/api.w.org\/{rel}","templated":true}]}}