{"id":1615,"date":"2020-04-17T17:05:24","date_gmt":"2020-04-17T17:05:24","guid":{"rendered":"https:\/\/cleveland.sahajayoga.org\/?page_id=1615"},"modified":"2022-11-19T14:24:28","modified_gmt":"2022-11-19T14:24:28","slug":"shri-mataji","status":"publish","type":"page","link":"https:\/\/cleveland.sahajayoga.org\/es\/shri-mataji\/","title":{"rendered":"Shri Mataji"},"content":{"rendered":"<section class=\"wp-block-uagb-columns uagb-columns__wrap uagb-columns__background-image uagb-columns__stack-mobile uagb-columns__valign- uagb-columns__gap-10 align uagb-block-9d7a447b uagb-columns__columns-1 uagb-columns__max_width-theme\"><div class=\"uagb-columns__overlay\"><\/div><div class=\"uagb-columns__inner-wrap uagb-columns__columns-1\">\n<div class=\"wp-block-uagb-column uagb-column__wrap uagb-column__background-undefined uagb-block-f63f1177\"><div class=\"uagb-column__overlay\"><\/div>\n<div class=\"wp-block-columns is-layout-flex wp-container-core-columns-is-layout-28f84493 wp-block-columns-is-layout-flex\">\n<div class=\"wp-block-column is-layout-flow wp-block-column-is-layout-flow\" style=\"flex-basis:50%\">\n<div class=\"wp-block-uagb-info-box uagb-block-bab0726c uagb-infobox__content-wrap  uagb-infobox-icon-above-title uagb-infobox-image-valign-top\"><div class=\"uagb-ifb-content\"><div class=\"uagb-ifb-title-wrap\"><h2 class=\"uagb-ifb-title\">Shri Mataji Nirmal Devi<\/h2><\/div><div class=\"uagb-ifb-separator\"><\/div><\/div><\/div>\n<\/div>\n\n\n\n<div class=\"wp-block-column is-layout-flow wp-block-column-is-layout-flow\" style=\"flex-basis:33.33%\"><\/div>\n<\/div>\n\n\n\n<p><\/p>\n<\/div>\n<\/div><div class=\"uagb-columns__shape uagb-columns__shape-bottom\" data-negative=\"false\"><svg xmlns=\"https:\/\/www.w3.org\/2000\/svg\" viewbox=\"0 0 1000 100\" preserveaspectratio=\"none\"><path class=\"uagb-columns__shape-fill\" opacity=\"0.33\" d=\"M473,67.3c-203.9,88.3-263.1-34-320.3,0C66,119.1,0,59.7,0,59.7V0h1000v59.7 c0,0-62.1,26.1-94.9,29.3c-32.8,3.3-62.8-12.3-75.8-22.1C806,49.6,745.3,8.7,694.9,4.7S492.4,59,473,67.3z\"><\/path><path class=\"uagb-columns__shape-fill\" opacity=\"0.66\" d=\"M734,67.3c-45.5,0-77.2-23.2-129.1-39.1c-28.6-8.7-150.3-10.1-254,39.1 s-91.7-34.4-149.2,0C115.7,118.3,0,39.8,0,39.8V0h1000v36.5c0,0-28.2-18.5-92.1-18.5C810.2,18.1,775.7,67.3,734,67.3z\"><\/path><path class=\"uagb-columns__shape-fill\" d=\"M766.1,28.9c-200-57.5-266,65.5-395.1,19.5C242,1.8,242,5.4,184.8,20.6C128,35.8,132.3,44.9,89.9,52.5C28.6,63.7,0,0,0,0 h1000c0,0-9.9,40.9-83.6,48.1S829.6,47,766.1,28.9z\"><\/path><\/svg><\/div><\/section>\n\n\n\n<section class=\"wp-block-uagb-columns uagb-columns__wrap uagb-columns__background-none uagb-columns__stack-mobile uagb-columns__valign- uagb-columns__gap-10 align uagb-block-96a925f7 uagb-columns__columns-2 uagb-columns__max_width-theme\"><div class=\"uagb-columns__overlay\"><\/div><div class=\"uagb-columns__inner-wrap uagb-columns__columns-2\">\n<div class=\"wp-block-uagb-column uagb-column__wrap uagb-column__background-undefined uagb-block-03afd9c4\"><div class=\"uagb-column__overlay\"><\/div>\n<div class=\"wp-block-uagb-info-box uagb-block-fb255149 uagb-infobox__content-wrap  uagb-infobox-icon-above-title uagb-infobox-image-valign-top\"><div class=\"uagb-ifb-content\"><div class=\"uagb-ifb-title-wrap\"><h2 class=\"uagb-ifb-title\">SU DON INNATO<\/h2><\/div><div class=\"uagb-ifb-separator\"><\/div><\/div><\/div>\n\n\n\n<p>Shri Mataji visualiz\u00f3 un mundo en el que las personas se transformar\u00edan y llevar\u00edan vidas m\u00e1s equilibradas. A partir de 1970, trabaj\u00f3 para ayudar a las personas a meditar y alcanzar mayores alturas espirituales, y desarroll\u00f3 las t\u00e9cnicas que forman la base de Sahaja Yoga. Shri Mataji ten\u00eda un don innato para ayudar a las personas a experimentar su Realizaci\u00f3n del Ser.<\/p>\n\n\n\n<div class=\"wp-block-buttons is-layout-flex wp-block-buttons-is-layout-flex\">\n<div class=\"wp-block-button primary-button\"><a class=\"wp-block-button__link has-background wp-element-button\" href=\"https:\/\/cleveland.sahajayoga.org\/es\/get-started\/\" style=\"background-color:#68894e\" target=\"_blank\" rel=\"noreferrer noopener\">\u00a1Experim\u00e9ntalo Ahora!<\/a><\/div>\n<\/div>\n<\/div>\n\n\n\n<div class=\"wp-block-uagb-column uagb-column__wrap uagb-column__background-undefined uagb-block-3d52c7f1\"><div class=\"uagb-column__overlay\"><\/div>\n<figure class=\"wp-block-image size-large\"><img loading=\"lazy\" decoding=\"async\" width=\"1024\" height=\"577\" src=\"https:\/\/cleveland.sahajayoga.org\/wp-content\/uploads\/2020\/06\/Shri-Mataji-Innate-Gift-e260_11-1024x577.jpg\" alt=\"\" class=\"wp-image-4677\" srcset=\"https:\/\/cleveland.sahajayoga.org\/wp-content\/uploads\/2020\/06\/Shri-Mataji-Innate-Gift-e260_11-1024x577.jpg 1024w, https:\/\/cleveland.sahajayoga.org\/wp-content\/uploads\/2020\/06\/Shri-Mataji-Innate-Gift-e260_11-300x169.jpg 300w, https:\/\/cleveland.sahajayoga.org\/wp-content\/uploads\/2020\/06\/Shri-Mataji-Innate-Gift-e260_11-768x433.jpg 768w, https:\/\/cleveland.sahajayoga.org\/wp-content\/uploads\/2020\/06\/Shri-Mataji-Innate-Gift-e260_11-600x338.jpg 600w, https:\/\/cleveland.sahajayoga.org\/wp-content\/uploads\/2020\/06\/Shri-Mataji-Innate-Gift-e260_11.jpg 1500w\" sizes=\"auto, (max-width: 1024px) 100vw, 1024px\" \/><\/figure>\n\n\n\n<p><\/p>\n<\/div>\n<\/div><\/section>\n\n\n\n<section class=\"wp-block-uagb-section uagb-section__wrap uagb-section__background-undefined uagb-block-5324c90b\"><div class=\"uagb-section__overlay\"><\/div><div class=\"uagb-section__inner-wrap\">\n<figure class=\"wp-block-image aligncenter size-full is-resized\"><img decoding=\"async\" src=\"https:\/\/cleveland.sahajayoga.org\/wp-content\/uploads\/2022\/05\/Quote-3-Freedom-is-when-you-really-get-your-own-powers-which-are-within-you.-Shri-Mataji-2.png\" alt=\"\" class=\"wp-image-7151\" width=\"500\" srcset=\"https:\/\/cleveland.sahajayoga.org\/wp-content\/uploads\/2022\/05\/Quote-3-Freedom-is-when-you-really-get-your-own-powers-which-are-within-you.-Shri-Mataji-2.png 916w, https:\/\/cleveland.sahajayoga.org\/wp-content\/uploads\/2022\/05\/Quote-3-Freedom-is-when-you-really-get-your-own-powers-which-are-within-you.-Shri-Mataji-2-300x144.png 300w, https:\/\/cleveland.sahajayoga.org\/wp-content\/uploads\/2022\/05\/Quote-3-Freedom-is-when-you-really-get-your-own-powers-which-are-within-you.-Shri-Mataji-2-768x369.png 768w, https:\/\/cleveland.sahajayoga.org\/wp-content\/uploads\/2022\/05\/Quote-3-Freedom-is-when-you-really-get-your-own-powers-which-are-within-you.-Shri-Mataji-2-16x8.png 16w\" sizes=\"(max-width: 916px) 100vw, 916px\" \/><\/figure>\n<\/div><\/section>\n\n\n\n<section class=\"wp-block-uagb-section uagb-section__wrap uagb-section__background-color uagb-block-e0a4df63\"><div class=\"uagb-section__overlay\"><\/div><div class=\"uagb-section__inner-wrap\"><\/div><\/section>\n\n\n\n<section class=\"wp-block-uagb-columns uagb-columns__wrap uagb-columns__background-none uagb-columns__stack-mobile uagb-columns__valign- uagb-columns__gap-10 align uagb-block-297237e2 uagb-columns__columns-2 uagb-columns__max_width-theme\"><div class=\"uagb-columns__overlay\"><\/div><div class=\"uagb-columns__inner-wrap uagb-columns__columns-2\">\n<div class=\"wp-block-uagb-column uagb-column__wrap uagb-column__background-undefined uagb-block-cf9d63d2\"><div class=\"uagb-column__overlay\"><\/div>\n<div class=\"wp-block-uagb-advanced-heading uagb-block-080c0a1e\"><h2 class=\"uagb-heading-text\">SU REGALO A LA HUMANIDAD<\/h2><div class=\"uagb-separator\"><\/div><\/div>\n\n\n\n<p>Una de las cosas notables de Shri Mataji fue su generosidad. Su familia estuvo \u00edntimamente relacionada con la lucha de la India por la independencia. Su padre fue un erudito que ayud\u00f3 a redactar la constituci\u00f3n de la India. Su esposo sirvi\u00f3 en los niveles m\u00e1s altos del gobierno de la India antes de dirigir la Organizaci\u00f3n Mar\u00edtima de la Organizaci\u00f3n de las Naciones Unidas. A pesar del privilegio de sus or\u00edgenes, Shri Mataji eligi\u00f3 ayudar incansablemente a la humanidad.<\/p>\n<\/div>\n\n\n\n<div class=\"wp-block-uagb-column uagb-column__wrap uagb-column__background-undefined uagb-block-d97b282e\"><div class=\"uagb-column__overlay\"><\/div>\n<figure class=\"wp-block-image size-large\"><img loading=\"lazy\" decoding=\"async\" width=\"1010\" height=\"569\" src=\"https:\/\/cleveland.sahajayoga.org\/wp-content\/uploads\/2020\/06\/Shri-Mataji-Her-Selflessness-e161_3_17-1024x675-2.jpg\" alt=\"\" class=\"wp-image-4691\" srcset=\"https:\/\/cleveland.sahajayoga.org\/wp-content\/uploads\/2020\/06\/Shri-Mataji-Her-Selflessness-e161_3_17-1024x675-2.jpg 1010w, https:\/\/cleveland.sahajayoga.org\/wp-content\/uploads\/2020\/06\/Shri-Mataji-Her-Selflessness-e161_3_17-1024x675-2-300x169.jpg 300w, https:\/\/cleveland.sahajayoga.org\/wp-content\/uploads\/2020\/06\/Shri-Mataji-Her-Selflessness-e161_3_17-1024x675-2-768x433.jpg 768w, https:\/\/cleveland.sahajayoga.org\/wp-content\/uploads\/2020\/06\/Shri-Mataji-Her-Selflessness-e161_3_17-1024x675-2-600x338.jpg 600w\" sizes=\"auto, (max-width: 1010px) 100vw, 1010px\" \/><\/figure>\n<\/div>\n<\/div><\/section>\n\n\n\n<hr class=\"wp-block-separator has-text-color has-very-light-gray-color has-css-opacity has-very-light-gray-background-color has-background is-style-wide\"\/>\n\n\n\n<section class=\"wp-block-uagb-columns uagb-columns__wrap uagb-columns__background-none uagb-columns__stack-mobile uagb-columns__valign- uagb-columns__gap-10 align uagb-block-d617703d uagb-columns__columns-2 uagb-columns__max_width-theme\"><div class=\"uagb-columns__overlay\"><\/div><div class=\"uagb-columns__inner-wrap uagb-columns__columns-2\">\n<div class=\"wp-block-uagb-column uagb-column__wrap uagb-column__background-undefined uagb-block-24666ccd\"><div class=\"uagb-column__overlay\"><\/div>\n<div class=\"wp-block-uagb-advanced-heading uagb-block-45d5c261\"><h2 class=\"uagb-heading-text\">MUY HUMANITARIA Y COMPASIVA<\/h2><div class=\"uagb-separator\"><\/div><\/div>\n\n\n\n<p>Shri Mataji encontr\u00f3 una manera de dar la realizaci\u00f3n del ser en masa, llenando estadios deportivos, salas de conciertos y espacios p\u00fablicos por todo el mundo. Shri Mataji ense\u00f1\u00f3 a la gente a meditar independientemente de su religi\u00f3n, estatus social, raza, casta o creencia.<\/p>\n<\/div>\n\n\n\n<div class=\"wp-block-uagb-column uagb-column__wrap uagb-column__background-undefined uagb-block-3e87719a\"><div class=\"uagb-column__overlay\"><\/div>\n<figure class=\"wp-block-image size-large\"><img loading=\"lazy\" decoding=\"async\" width=\"1024\" height=\"600\" src=\"https:\/\/cleveland.sahajayoga.org\/wp-content\/uploads\/2020\/06\/Shri-Mataji-public-program-27-February-1992-Sydney-MF-0311-05-1024x600.jpg\" alt=\"\" class=\"wp-image-4681\" srcset=\"https:\/\/cleveland.sahajayoga.org\/wp-content\/uploads\/2020\/06\/Shri-Mataji-public-program-27-February-1992-Sydney-MF-0311-05-1024x600.jpg 1024w, https:\/\/cleveland.sahajayoga.org\/wp-content\/uploads\/2020\/06\/Shri-Mataji-public-program-27-February-1992-Sydney-MF-0311-05-300x176.jpg 300w, https:\/\/cleveland.sahajayoga.org\/wp-content\/uploads\/2020\/06\/Shri-Mataji-public-program-27-February-1992-Sydney-MF-0311-05-768x450.jpg 768w, https:\/\/cleveland.sahajayoga.org\/wp-content\/uploads\/2020\/06\/Shri-Mataji-public-program-27-February-1992-Sydney-MF-0311-05-600x352.jpg 600w, https:\/\/cleveland.sahajayoga.org\/wp-content\/uploads\/2020\/06\/Shri-Mataji-public-program-27-February-1992-Sydney-MF-0311-05.jpg 1500w\" sizes=\"auto, (max-width: 1024px) 100vw, 1024px\" \/><\/figure>\n<\/div>\n<\/div><\/section>\n\n\n\n<section class=\"wp-block-uagb-columns uagb-columns__wrap uagb-columns__background-color uagb-columns__stack-mobile uagb-columns__valign- uagb-columns__gap-10 align uagb-block-3042882b uagb-columns__columns-1 uagb-columns__max_width-theme\"><div class=\"uagb-columns__overlay\"><\/div><div class=\"uagb-columns__shape uagb-columns__shape-top uagb-columns__shape-above-content\"><svg xmlns=\"https:\/\/www.w3.org\/2000\/svg\" viewbox=\"0 0 1000 100\" preserveaspectratio=\"none\"><path class=\"uagb-columns__shape-fill\" opacity=\"0.33\" d=\"M473,67.3c-203.9,88.3-263.1-34-320.3,0C66,119.1,0,59.7,0,59.7V0h1000v59.7 c0,0-62.1,26.1-94.9,29.3c-32.8,3.3-62.8-12.3-75.8-22.1C806,49.6,745.3,8.7,694.9,4.7S492.4,59,473,67.3z\"><\/path><path class=\"uagb-columns__shape-fill\" opacity=\"0.66\" d=\"M734,67.3c-45.5,0-77.2-23.2-129.1-39.1c-28.6-8.7-150.3-10.1-254,39.1 s-91.7-34.4-149.2,0C115.7,118.3,0,39.8,0,39.8V0h1000v36.5c0,0-28.2-18.5-92.1-18.5C810.2,18.1,775.7,67.3,734,67.3z\"><\/path><path class=\"uagb-columns__shape-fill\" d=\"M766.1,28.9c-200-57.5-266,65.5-395.1,19.5C242,1.8,242,5.4,184.8,20.6C128,35.8,132.3,44.9,89.9,52.5C28.6,63.7,0,0,0,0 h1000c0,0-9.9,40.9-83.6,48.1S829.6,47,766.1,28.9z\"><\/path><\/svg><\/div><div class=\"uagb-columns__inner-wrap uagb-columns__columns-1\">\n<div class=\"wp-block-uagb-column uagb-column__wrap uagb-column__background-undefined uagb-block-65ee5484\"><div class=\"uagb-column__overlay\"><\/div>\n<p class=\"has-white-color has-text-color\">Sahaja Yoga se practica en todo el mundo. Las clases de meditaci\u00f3n se ofrecen siempre sin costo alguno y son conducidas por practicantes experimentados que ofrecen su tiempo para compartir lo que han aprendido.<\/p>\n\n\n\n<div class=\"wp-block-columns is-layout-flex wp-container-core-columns-is-layout-cc9f741c wp-block-columns-is-layout-flex\" style=\"margin-top:60px;margin-bottom:0px;padding-top:0px;padding-right:0px;padding-bottom:0px;padding-left:0px\">\n<div class=\"wp-block-column is-layout-flow wp-block-column-is-layout-flow\" style=\"flex-basis:49.8%\">\n<figure class=\"wp-block-image size-full is-resized\"><a href=\"https:\/\/cleveland.sahajayoga.org\/es\/\"><img loading=\"lazy\" decoding=\"async\" width=\"719\" height=\"142\" src=\"https:\/\/cleveland.sahajayoga.org\/wp-content\/uploads\/2022\/10\/SYM-logo-all-white.png\" alt=\"\" class=\"wp-image-7873\" style=\"width:221px\" srcset=\"https:\/\/cleveland.sahajayoga.org\/wp-content\/uploads\/2022\/10\/SYM-logo-all-white.png 719w, https:\/\/cleveland.sahajayoga.org\/wp-content\/uploads\/2022\/10\/SYM-logo-all-white-300x59.png 300w, https:\/\/cleveland.sahajayoga.org\/wp-content\/uploads\/2022\/10\/SYM-logo-all-white-18x4.png 18w\" sizes=\"auto, (max-width: 719px) 100vw, 719px\" \/><\/a><\/figure>\n<\/div>\n\n\n\n<div class=\"wp-block-column is-layout-flow wp-block-column-is-layout-flow\" style=\"flex-basis:285px\">\n<figure class=\"wp-block-image size-full is-resized\"><a href=\"https:\/\/www.meetup.com\/sahaja-yoga-usa\/\" target=\"_blank\" rel=\"noreferrer noopener\"><img loading=\"lazy\" decoding=\"async\" width=\"442\" height=\"88\" src=\"https:\/\/cleveland.sahajayoga.org\/wp-content\/uploads\/2022\/10\/Join-Our-Meetup-Button-2.png\" alt=\"\" class=\"wp-image-8306\" style=\"width:221px\" srcset=\"https:\/\/cleveland.sahajayoga.org\/wp-content\/uploads\/2022\/10\/Join-Our-Meetup-Button-2.png 442w, https:\/\/cleveland.sahajayoga.org\/wp-content\/uploads\/2022\/10\/Join-Our-Meetup-Button-2-300x60.png 300w, https:\/\/cleveland.sahajayoga.org\/wp-content\/uploads\/2022\/10\/Join-Our-Meetup-Button-2-18x4.png 18w\" sizes=\"auto, (max-width: 442px) 100vw, 442px\" \/><\/a><\/figure>\n<\/div>\n\n\n\n<div class=\"wp-block-column is-layout-flow wp-block-column-is-layout-flow\" style=\"flex-basis:20%\">\n<figure class=\"wp-block-image size-full is-resized\"><a href=\"https:\/\/cleveland.sahajayoga.org\/es\/contact-us\/\"><img loading=\"lazy\" decoding=\"async\" width=\"442\" height=\"88\" src=\"https:\/\/cleveland.sahajayoga.org\/wp-content\/uploads\/2022\/10\/Contact-Us-Button.png\" alt=\"\" class=\"wp-image-8305\" style=\"width:221px\" srcset=\"https:\/\/cleveland.sahajayoga.org\/wp-content\/uploads\/2022\/10\/Contact-Us-Button.png 442w, https:\/\/cleveland.sahajayoga.org\/wp-content\/uploads\/2022\/10\/Contact-Us-Button-300x60.png 300w, https:\/\/cleveland.sahajayoga.org\/wp-content\/uploads\/2022\/10\/Contact-Us-Button-18x4.png 18w\" sizes=\"auto, (max-width: 442px) 100vw, 442px\" \/><\/a><\/figure>\n<\/div>\n<\/div>\n<\/div>\n<\/div><\/section>","protected":false},"excerpt":{"rendered":"<p>Shri Mataji envisioned a world where people would be transformed, and lead more balanced lives. Starting in 1970, She worked to help people meditate and achieve greater spiritual heights, and developed the techniques that form the basis of Sahaja Yoga. She had an innate gift to help people experience their Self-Realization. HER SELFLESSNESS One of &hellip;<\/p>\n<p class=\"read-more\"> <a class=\"\" href=\"https:\/\/cleveland.sahajayoga.org\/es\/shri-mataji\/\"> <span class=\"screen-reader-text\">Shri Mataji<\/span> Leer m\u00e1s &raquo;<\/a><\/p>","protected":false},"author":9,"featured_media":0,"parent":0,"menu_order":0,"comment_status":"closed","ping_status":"closed","template":"","meta":{"_uag_custom_page_level_css":"","site-sidebar-layout":"no-sidebar","site-content-layout":"page-builder","ast-global-header-display":"","ast-main-header-display":"","ast-hfb-above-header-display":"","ast-hfb-below-header-display":"","ast-hfb-mobile-header-display":"","site-post-title":"disabled","ast-breadcrumbs-content":"","ast-featured-img":"disabled","footer-sml-layout":"","theme-transparent-header-meta":"default","adv-header-id-meta":"","stick-header-meta":"","header-above-stick-meta":"","header-main-stick-meta":"","header-below-stick-meta":"","footnotes":""},"class_list":["post-1615","page","type-page","status-publish","hentry"],"yoast_head":"<!-- This site is optimized with the Yoast SEO plugin v26.5 - https:\/\/yoast.com\/wordpress\/plugins\/seo\/ -->\n<title>Shri Mataji - Sahaja Yoga<\/title>\n<meta name=\"robots\" content=\"index, follow, max-snippet:-1, max-image-preview:large, max-video-preview:-1\" \/>\n<link rel=\"canonical\" href=\"https:\/\/cleveland.sahajayoga.org\/es\/shri-mataji\/\" \/>\n<meta property=\"og:locale\" content=\"es_MX\" \/>\n<meta property=\"og:type\" content=\"article\" \/>\n<meta property=\"og:title\" content=\"Shri Mataji - Sahaja Yoga\" \/>\n<meta property=\"og:description\" content=\"Shri Mataji envisioned a world where people would be transformed, and lead more balanced lives. Starting in 1970, She worked to help people meditate and achieve greater spiritual heights, and developed the techniques that form the basis of Sahaja Yoga. She had an innate gift to help people experience their Self-Realization. HER SELFLESSNESS One of &hellip; Shri Mataji Leer m\u00e1s &raquo;\" \/>\n<meta property=\"og:url\" content=\"https:\/\/cleveland.sahajayoga.org\/es\/shri-mataji\/\" \/>\n<meta property=\"og:site_name\" content=\"Sahaja Yoga\" \/>\n<meta property=\"article:modified_time\" content=\"2022-11-19T14:24:28+00:00\" \/>\n<meta property=\"og:image\" content=\"https:\/\/cleveland.sahajayoga.org\/wp-content\/uploads\/2020\/06\/Shri-Mataji-Innate-Gift-e260_11-1024x577.jpg\" \/>\n<meta name=\"twitter:card\" content=\"summary_large_image\" \/>\n<meta name=\"twitter:label1\" content=\"Tiempo de lectura\" \/>\n\t<meta name=\"twitter:data1\" content=\"2 minutos\" \/>\n<script type=\"application\/ld+json\" class=\"yoast-schema-graph\">{\"@context\":\"https:\/\/schema.org\",\"@graph\":[{\"@type\":\"WebPage\",\"@id\":\"https:\/\/cleveland.sahajayoga.org\/shri-mataji\/\",\"url\":\"https:\/\/cleveland.sahajayoga.org\/shri-mataji\/\",\"name\":\"Shri Mataji - Sahaja Yoga\",\"isPartOf\":{\"@id\":\"https:\/\/cleveland.sahajayoga.org\/#website\"},\"primaryImageOfPage\":{\"@id\":\"https:\/\/cleveland.sahajayoga.org\/shri-mataji\/#primaryimage\"},\"image\":{\"@id\":\"https:\/\/cleveland.sahajayoga.org\/shri-mataji\/#primaryimage\"},\"thumbnailUrl\":\"https:\/\/cleveland.sahajayoga.org\/wp-content\/uploads\/2020\/06\/Shri-Mataji-Innate-Gift-e260_11-1024x577.jpg\",\"datePublished\":\"2020-04-17T17:05:24+00:00\",\"dateModified\":\"2022-11-19T14:24:28+00:00\",\"breadcrumb\":{\"@id\":\"https:\/\/cleveland.sahajayoga.org\/shri-mataji\/#breadcrumb\"},\"inLanguage\":\"es\",\"potentialAction\":[{\"@type\":\"ReadAction\",\"target\":[\"https:\/\/cleveland.sahajayoga.org\/shri-mataji\/\"]}]},{\"@type\":\"ImageObject\",\"inLanguage\":\"es\",\"@id\":\"https:\/\/cleveland.sahajayoga.org\/shri-mataji\/#primaryimage\",\"url\":\"https:\/\/cleveland.sahajayoga.org\/wp-content\/uploads\/2020\/06\/Shri-Mataji-Innate-Gift-e260_11-1024x577.jpg\",\"contentUrl\":\"https:\/\/cleveland.sahajayoga.org\/wp-content\/uploads\/2020\/06\/Shri-Mataji-Innate-Gift-e260_11-1024x577.jpg\"},{\"@type\":\"BreadcrumbList\",\"@id\":\"https:\/\/cleveland.sahajayoga.org\/shri-mataji\/#breadcrumb\",\"itemListElement\":[{\"@type\":\"ListItem\",\"position\":1,\"name\":\"Home\",\"item\":\"https:\/\/cleveland.sahajayoga.org\/\"},{\"@type\":\"ListItem\",\"position\":2,\"name\":\"Shri Mataji\"}]},{\"@type\":\"WebSite\",\"@id\":\"https:\/\/cleveland.sahajayoga.org\/#website\",\"url\":\"https:\/\/cleveland.sahajayoga.org\/\",\"name\":\"Sahaja Yoga\",\"description\":\"MEDITATION\",\"publisher\":{\"@id\":\"https:\/\/cleveland.sahajayoga.org\/#organization\"},\"potentialAction\":[{\"@type\":\"SearchAction\",\"target\":{\"@type\":\"EntryPoint\",\"urlTemplate\":\"https:\/\/cleveland.sahajayoga.org\/?s={search_term_string}\"},\"query-input\":{\"@type\":\"PropertyValueSpecification\",\"valueRequired\":true,\"valueName\":\"search_term_string\"}}],\"inLanguage\":\"es\"},{\"@type\":\"Organization\",\"@id\":\"https:\/\/cleveland.sahajayoga.org\/#organization\",\"name\":\"Sahaja Yoga\",\"url\":\"https:\/\/cleveland.sahajayoga.org\/\",\"logo\":{\"@type\":\"ImageObject\",\"inLanguage\":\"es\",\"@id\":\"https:\/\/cleveland.sahajayoga.org\/#\/schema\/logo\/image\/\",\"url\":\"https:\/\/cleveland.sahajayoga.org\/wp-content\/uploads\/2022\/11\/SYM-logo.png\",\"contentUrl\":\"https:\/\/cleveland.sahajayoga.org\/wp-content\/uploads\/2022\/11\/SYM-logo.png\",\"width\":2991,\"height\":588,\"caption\":\"Sahaja Yoga\"},\"image\":{\"@id\":\"https:\/\/cleveland.sahajayoga.org\/#\/schema\/logo\/image\/\"}}]}<\/script>\n<!-- \/ Yoast SEO plugin. -->","yoast_head_json":{"title":"Shri Mataji - Sahaja Yoga","robots":{"index":"index","follow":"follow","max-snippet":"max-snippet:-1","max-image-preview":"max-image-preview:large","max-video-preview":"max-video-preview:-1"},"canonical":"https:\/\/cleveland.sahajayoga.org\/es\/shri-mataji\/","og_locale":"es_MX","og_type":"article","og_title":"Shri Mataji - Sahaja Yoga","og_description":"Shri Mataji envisioned a world where people would be transformed, and lead more balanced lives. Starting in 1970, She worked to help people meditate and achieve greater spiritual heights, and developed the techniques that form the basis of Sahaja Yoga. She had an innate gift to help people experience their Self-Realization. HER SELFLESSNESS One of &hellip; Shri Mataji Leer m\u00e1s &raquo;","og_url":"https:\/\/cleveland.sahajayoga.org\/es\/shri-mataji\/","og_site_name":"Sahaja Yoga","article_modified_time":"2022-11-19T14:24:28+00:00","og_image":[{"url":"https:\/\/cleveland.sahajayoga.org\/wp-content\/uploads\/2020\/06\/Shri-Mataji-Innate-Gift-e260_11-1024x577.jpg","type":"","width":"","height":""}],"twitter_card":"summary_large_image","twitter_misc":{"Tiempo de lectura":"2 minutos"},"schema":{"@context":"https:\/\/schema.org","@graph":[{"@type":"WebPage","@id":"https:\/\/cleveland.sahajayoga.org\/shri-mataji\/","url":"https:\/\/cleveland.sahajayoga.org\/shri-mataji\/","name":"Shri Mataji - Sahaja Yoga","isPartOf":{"@id":"https:\/\/cleveland.sahajayoga.org\/#website"},"primaryImageOfPage":{"@id":"https:\/\/cleveland.sahajayoga.org\/shri-mataji\/#primaryimage"},"image":{"@id":"https:\/\/cleveland.sahajayoga.org\/shri-mataji\/#primaryimage"},"thumbnailUrl":"https:\/\/cleveland.sahajayoga.org\/wp-content\/uploads\/2020\/06\/Shri-Mataji-Innate-Gift-e260_11-1024x577.jpg","datePublished":"2020-04-17T17:05:24+00:00","dateModified":"2022-11-19T14:24:28+00:00","breadcrumb":{"@id":"https:\/\/cleveland.sahajayoga.org\/shri-mataji\/#breadcrumb"},"inLanguage":"es","potentialAction":[{"@type":"ReadAction","target":["https:\/\/cleveland.sahajayoga.org\/shri-mataji\/"]}]},{"@type":"ImageObject","inLanguage":"es","@id":"https:\/\/cleveland.sahajayoga.org\/shri-mataji\/#primaryimage","url":"https:\/\/cleveland.sahajayoga.org\/wp-content\/uploads\/2020\/06\/Shri-Mataji-Innate-Gift-e260_11-1024x577.jpg","contentUrl":"https:\/\/cleveland.sahajayoga.org\/wp-content\/uploads\/2020\/06\/Shri-Mataji-Innate-Gift-e260_11-1024x577.jpg"},{"@type":"BreadcrumbList","@id":"https:\/\/cleveland.sahajayoga.org\/shri-mataji\/#breadcrumb","itemListElement":[{"@type":"ListItem","position":1,"name":"Home","item":"https:\/\/cleveland.sahajayoga.org\/"},{"@type":"ListItem","position":2,"name":"Shri Mataji"}]},{"@type":"WebSite","@id":"https:\/\/cleveland.sahajayoga.org\/#website","url":"https:\/\/cleveland.sahajayoga.org\/","name":"Sahaja Yoga","description":"MEDITATION","publisher":{"@id":"https:\/\/cleveland.sahajayoga.org\/#organization"},"potentialAction":[{"@type":"SearchAction","target":{"@type":"EntryPoint","urlTemplate":"https:\/\/cleveland.sahajayoga.org\/?s={search_term_string}"},"query-input":{"@type":"PropertyValueSpecification","valueRequired":true,"valueName":"search_term_string"}}],"inLanguage":"es"},{"@type":"Organization","@id":"https:\/\/cleveland.sahajayoga.org\/#organization","name":"Sahaja Yoga","url":"https:\/\/cleveland.sahajayoga.org\/","logo":{"@type":"ImageObject","inLanguage":"es","@id":"https:\/\/cleveland.sahajayoga.org\/#\/schema\/logo\/image\/","url":"https:\/\/cleveland.sahajayoga.org\/wp-content\/uploads\/2022\/11\/SYM-logo.png","contentUrl":"https:\/\/cleveland.sahajayoga.org\/wp-content\/uploads\/2022\/11\/SYM-logo.png","width":2991,"height":588,"caption":"Sahaja Yoga"},"image":{"@id":"https:\/\/cleveland.sahajayoga.org\/#\/schema\/logo\/image\/"}}]}},"uagb_featured_image_src":{"full":false,"thumbnail":false,"medium":false,"medium_large":false,"large":false,"1536x1536":false,"2048x2048":false,"trp-custom-language-flag":false},"uagb_author_info":{"display_name":"Kishore Somanchi","author_link":"https:\/\/cleveland.sahajayoga.org\/es\/author\/kishore\/"},"uagb_comment_info":0,"uagb_excerpt":"Shri Mataji envisioned a world where people would be transformed, and lead more balanced lives. Starting in 1970, She worked to help people meditate and achieve greater spiritual heights, and developed the techniques that form the basis of Sahaja Yoga. She had an innate gift to help people experience their Self-Realization. HER SELFLESSNESS One of&hellip;","_links":{"self":[{"href":"https:\/\/cleveland.sahajayoga.org\/es\/wp-json\/wp\/v2\/pages\/1615","targetHints":{"allow":["GET"]}}],"collection":[{"href":"https:\/\/cleveland.sahajayoga.org\/es\/wp-json\/wp\/v2\/pages"}],"about":[{"href":"https:\/\/cleveland.sahajayoga.org\/es\/wp-json\/wp\/v2\/types\/page"}],"author":[{"embeddable":true,"href":"https:\/\/cleveland.sahajayoga.org\/es\/wp-json\/wp\/v2\/users\/9"}],"replies":[{"embeddable":true,"href":"https:\/\/cleveland.sahajayoga.org\/es\/wp-json\/wp\/v2\/comments?post=1615"}],"version-history":[{"count":9,"href":"https:\/\/cleveland.sahajayoga.org\/es\/wp-json\/wp\/v2\/pages\/1615\/revisions"}],"predecessor-version":[{"id":10138,"href":"https:\/\/cleveland.sahajayoga.org\/es\/wp-json\/wp\/v2\/pages\/1615\/revisions\/10138"}],"wp:attachment":[{"href":"https:\/\/cleveland.sahajayoga.org\/es\/wp-json\/wp\/v2\/media?parent=1615"}],"curies":[{"name":"wp","href":"https:\/\/api.w.org\/{rel}","templated":true}]}}